{"id":6184,"date":"2025-05-30T11:17:40","date_gmt":"2025-05-30T09:17:40","guid":{"rendered":"https:\/\/la-cave-privee-fixin.com\/product\/morey-saint-denis-premier-cru-aux-cheseaux-2023-domaine-jerome-castagnier\/"},"modified":"2025-05-30T11:17:40","modified_gmt":"2025-05-30T09:17:40","slug":"morey-saint-denis-premier-cru-aux-cheseaux-2023-domaine-jerome-castagnier","status":"publish","type":"product","link":"https:\/\/la-cave-privee-fixin.com\/fr\/produit\/morey-saint-denis-premier-cru-aux-cheseaux-2023-domaine-jerome-castagnier\/","title":{"rendered":"Morey-Saint-Denis Premier Cru \u00ab Aux Cheseaux \u00bb 2023 &#8211; Domaine Jer\u00f4me Castagnier"},"content":{"rendered":"<p>D\u00e9couvrez un Pinot Noir \u00e9l\u00e9gant et structur\u00e9<\/p>\n","protected":false},"excerpt":{"rendered":"<p>D\u00e9couvrez un Pinot Noir \u00e9l\u00e9gant et structur\u00e9<\/p>\n","protected":false},"featured_media":6448,"comment_status":"closed","ping_status":"closed","template":"","meta":{"_acf_changed":false,"wds_primary_product_brand":0,"wds_primary_product_cat":0},"product_brand":[],"product_cat":[105],"product_tag":[],"class_list":{"0":"post-6184","1":"product","2":"type-product","3":"status-publish","4":"has-post-thumbnail","6":"product_cat-premier-cru-fr-2","8":"first","9":"instock","10":"taxable","11":"shipping-taxable","12":"purchasable","13":"product-type-simple"},"acf":[],"_links":{"self":[{"href":"https:\/\/la-cave-privee-fixin.com\/fr\/wp-json\/wp\/v2\/product\/6184","targetHints":{"allow":["GET"]}}],"collection":[{"href":"https:\/\/la-cave-privee-fixin.com\/fr\/wp-json\/wp\/v2\/product"}],"about":[{"href":"https:\/\/la-cave-privee-fixin.com\/fr\/wp-json\/wp\/v2\/types\/product"}],"replies":[{"embeddable":true,"href":"https:\/\/la-cave-privee-fixin.com\/fr\/wp-json\/wp\/v2\/comments?post=6184"}],"version-history":[{"count":0,"href":"https:\/\/la-cave-privee-fixin.com\/fr\/wp-json\/wp\/v2\/product\/6184\/revisions"}],"wp:featuredmedia":[{"embeddable":true,"href":"https:\/\/la-cave-privee-fixin.com\/fr\/wp-json\/wp\/v2\/media\/6448"}],"wp:attachment":[{"href":"https:\/\/la-cave-privee-fixin.com\/fr\/wp-json\/wp\/v2\/media?parent=6184"}],"wp:term":[{"taxonomy":"product_brand","embeddable":true,"href":"https:\/\/la-cave-privee-fixin.com\/fr\/wp-json\/wp\/v2\/product_brand?post=6184"},{"taxonomy":"product_cat","embeddable":true,"href":"https:\/\/la-cave-privee-fixin.com\/fr\/wp-json\/wp\/v2\/product_cat?post=6184"},{"taxonomy":"product_tag","embeddable":true,"href":"https:\/\/la-cave-privee-fixin.com\/fr\/wp-json\/wp\/v2\/product_tag?post=6184"}],"curies":[{"name":"wp","href":"https:\/\/api.w.org\/{rel}","templated":true}]}}