{"id":6181,"date":"2025-05-30T11:52:06","date_gmt":"2025-05-30T09:52:06","guid":{"rendered":"https:\/\/la-cave-privee-fixin.com\/product\/clos-saint-denis-grand-cru-2023-jerome-castagnier\/"},"modified":"2025-05-30T11:52:06","modified_gmt":"2025-05-30T09:52:06","slug":"clos-saint-denis-grand-cru-2023-jerome-castagnier","status":"publish","type":"product","link":"https:\/\/la-cave-privee-fixin.com\/fr\/produit\/clos-saint-denis-grand-cru-2023-jerome-castagnier\/","title":{"rendered":"Clos Saint Denis Grand Cru 2023 &#8211; J\u00e9r\u00f4me Castagnier"},"content":{"rendered":"<p>Vivez une exp\u00e9rience unique gr\u00e2ce \u00e0 ce magnifique Grand Cru.<\/p>\n","protected":false},"excerpt":{"rendered":"<p>Vivez une exp\u00e9rience unique gr\u00e2ce \u00e0 ce magnifique Grand Cru.<\/p>\n","protected":false},"featured_media":6158,"comment_status":"closed","ping_status":"closed","template":"","meta":{"_acf_changed":false,"wds_primary_product_brand":0,"wds_primary_product_cat":0},"product_brand":[],"product_cat":[82],"product_tag":[],"class_list":{"0":"post-6181","1":"product","2":"type-product","3":"status-publish","4":"has-post-thumbnail","6":"product_cat-grand-cru-fr-2","8":"first","9":"instock","10":"taxable","11":"shipping-taxable","12":"purchasable","13":"product-type-simple"},"acf":[],"_links":{"self":[{"href":"https:\/\/la-cave-privee-fixin.com\/fr\/wp-json\/wp\/v2\/product\/6181","targetHints":{"allow":["GET"]}}],"collection":[{"href":"https:\/\/la-cave-privee-fixin.com\/fr\/wp-json\/wp\/v2\/product"}],"about":[{"href":"https:\/\/la-cave-privee-fixin.com\/fr\/wp-json\/wp\/v2\/types\/product"}],"replies":[{"embeddable":true,"href":"https:\/\/la-cave-privee-fixin.com\/fr\/wp-json\/wp\/v2\/comments?post=6181"}],"version-history":[{"count":0,"href":"https:\/\/la-cave-privee-fixin.com\/fr\/wp-json\/wp\/v2\/product\/6181\/revisions"}],"wp:featuredmedia":[{"embeddable":true,"href":"https:\/\/la-cave-privee-fixin.com\/fr\/wp-json\/wp\/v2\/media\/6158"}],"wp:attachment":[{"href":"https:\/\/la-cave-privee-fixin.com\/fr\/wp-json\/wp\/v2\/media?parent=6181"}],"wp:term":[{"taxonomy":"product_brand","embeddable":true,"href":"https:\/\/la-cave-privee-fixin.com\/fr\/wp-json\/wp\/v2\/product_brand?post=6181"},{"taxonomy":"product_cat","embeddable":true,"href":"https:\/\/la-cave-privee-fixin.com\/fr\/wp-json\/wp\/v2\/product_cat?post=6181"},{"taxonomy":"product_tag","embeddable":true,"href":"https:\/\/la-cave-privee-fixin.com\/fr\/wp-json\/wp\/v2\/product_tag?post=6181"}],"curies":[{"name":"wp","href":"https:\/\/api.w.org\/{rel}","templated":true}]}}