{"id":6180,"date":"2025-05-30T14:37:41","date_gmt":"2025-05-30T12:37:41","guid":{"rendered":"https:\/\/la-cave-privee-fixin.com\/product\/mercurey-la-chagnee-2023-philippe-garrey\/"},"modified":"2025-05-30T14:37:41","modified_gmt":"2025-05-30T12:37:41","slug":"mercurey-la-chagnee-2023-philippe-garrey","status":"publish","type":"product","link":"https:\/\/la-cave-privee-fixin.com\/fr\/produit\/mercurey-la-chagnee-2023-philippe-garrey\/","title":{"rendered":"Mercurey \u00ab La Chagn\u00e9e \u00bb 2023 &#8211; Philippe Garrey"},"content":{"rendered":"<p>D\u00e9couvrez le r\u00e9sultat de l&#8217;union entre le bois et la c\u00e9ramique<\/p>\n","protected":false},"excerpt":{"rendered":"<p>D\u00e9couvrez le r\u00e9sultat de l&#8217;union entre le bois et la c\u00e9ramique<\/p>\n","protected":false},"featured_media":6507,"comment_status":"closed","ping_status":"closed","template":"","meta":{"_acf_changed":false,"wds_primary_product_brand":0,"wds_primary_product_cat":0},"product_brand":[],"product_cat":[83],"product_tag":[],"class_list":{"0":"post-6180","1":"product","2":"type-product","3":"status-publish","4":"has-post-thumbnail","6":"product_cat-village-fr-2","8":"first","9":"instock","10":"taxable","11":"shipping-taxable","12":"purchasable","13":"product-type-simple"},"acf":[],"_links":{"self":[{"href":"https:\/\/la-cave-privee-fixin.com\/fr\/wp-json\/wp\/v2\/product\/6180","targetHints":{"allow":["GET"]}}],"collection":[{"href":"https:\/\/la-cave-privee-fixin.com\/fr\/wp-json\/wp\/v2\/product"}],"about":[{"href":"https:\/\/la-cave-privee-fixin.com\/fr\/wp-json\/wp\/v2\/types\/product"}],"replies":[{"embeddable":true,"href":"https:\/\/la-cave-privee-fixin.com\/fr\/wp-json\/wp\/v2\/comments?post=6180"}],"version-history":[{"count":0,"href":"https:\/\/la-cave-privee-fixin.com\/fr\/wp-json\/wp\/v2\/product\/6180\/revisions"}],"wp:featuredmedia":[{"embeddable":true,"href":"https:\/\/la-cave-privee-fixin.com\/fr\/wp-json\/wp\/v2\/media\/6507"}],"wp:attachment":[{"href":"https:\/\/la-cave-privee-fixin.com\/fr\/wp-json\/wp\/v2\/media?parent=6180"}],"wp:term":[{"taxonomy":"product_brand","embeddable":true,"href":"https:\/\/la-cave-privee-fixin.com\/fr\/wp-json\/wp\/v2\/product_brand?post=6180"},{"taxonomy":"product_cat","embeddable":true,"href":"https:\/\/la-cave-privee-fixin.com\/fr\/wp-json\/wp\/v2\/product_cat?post=6180"},{"taxonomy":"product_tag","embeddable":true,"href":"https:\/\/la-cave-privee-fixin.com\/fr\/wp-json\/wp\/v2\/product_tag?post=6180"}],"curies":[{"name":"wp","href":"https:\/\/api.w.org\/{rel}","templated":true}]}}