{"id":6175,"date":"2025-05-30T16:05:40","date_gmt":"2025-05-30T14:05:40","guid":{"rendered":"https:\/\/la-cave-privee-fixin.com\/product\/corton-charlemagne-grand-cru-2023-domaine-jean-pierre-maldant\/"},"modified":"2025-05-30T16:05:40","modified_gmt":"2025-05-30T14:05:40","slug":"corton-charlemagne-grand-cru-2023-domaine-jean-pierre-maldant","status":"publish","type":"product","link":"https:\/\/la-cave-privee-fixin.com\/fr\/produit\/corton-charlemagne-grand-cru-2023-domaine-jean-pierre-maldant\/","title":{"rendered":"Corton Charlemagne Grand Cru 2023 &#8211; Domaine Jean-Pierre Maldant"},"content":{"rendered":"<p>D\u00e9couvrez ce magnifique Grand Cru \u00e9labor\u00e9 par Jean Pierre Maldant !<\/p>\n","protected":false},"excerpt":{"rendered":"<p>D\u00e9couvrez ce magnifique Grand Cru \u00e9labor\u00e9 par Jean Pierre Maldant !<\/p>\n","protected":false},"featured_media":6188,"comment_status":"closed","ping_status":"closed","template":"","meta":{"_acf_changed":false,"wds_primary_product_brand":0,"wds_primary_product_cat":0},"product_brand":[],"product_cat":[78],"product_tag":[],"class_list":{"0":"post-6175","1":"product","2":"type-product","3":"status-publish","4":"has-post-thumbnail","6":"product_cat-grand-cru-fr","8":"first","9":"outofstock","10":"taxable","11":"shipping-taxable","12":"purchasable","13":"product-type-simple"},"acf":[],"_links":{"self":[{"href":"https:\/\/la-cave-privee-fixin.com\/fr\/wp-json\/wp\/v2\/product\/6175","targetHints":{"allow":["GET"]}}],"collection":[{"href":"https:\/\/la-cave-privee-fixin.com\/fr\/wp-json\/wp\/v2\/product"}],"about":[{"href":"https:\/\/la-cave-privee-fixin.com\/fr\/wp-json\/wp\/v2\/types\/product"}],"replies":[{"embeddable":true,"href":"https:\/\/la-cave-privee-fixin.com\/fr\/wp-json\/wp\/v2\/comments?post=6175"}],"version-history":[{"count":0,"href":"https:\/\/la-cave-privee-fixin.com\/fr\/wp-json\/wp\/v2\/product\/6175\/revisions"}],"wp:featuredmedia":[{"embeddable":true,"href":"https:\/\/la-cave-privee-fixin.com\/fr\/wp-json\/wp\/v2\/media\/6188"}],"wp:attachment":[{"href":"https:\/\/la-cave-privee-fixin.com\/fr\/wp-json\/wp\/v2\/media?parent=6175"}],"wp:term":[{"taxonomy":"product_brand","embeddable":true,"href":"https:\/\/la-cave-privee-fixin.com\/fr\/wp-json\/wp\/v2\/product_brand?post=6175"},{"taxonomy":"product_cat","embeddable":true,"href":"https:\/\/la-cave-privee-fixin.com\/fr\/wp-json\/wp\/v2\/product_cat?post=6175"},{"taxonomy":"product_tag","embeddable":true,"href":"https:\/\/la-cave-privee-fixin.com\/fr\/wp-json\/wp\/v2\/product_tag?post=6175"}],"curies":[{"name":"wp","href":"https:\/\/api.w.org\/{rel}","templated":true}]}}