{"id":5232,"date":"2025-05-22T14:33:55","date_gmt":"2025-05-22T12:33:55","guid":{"rendered":"https:\/\/la-cave-privee-fixin.com\/product\/morey-saint-denis-premier-cru-monts-luisants-monopole-2020-domaine-ponsot\/"},"modified":"2025-05-22T14:33:55","modified_gmt":"2025-05-22T12:33:55","slug":"morey-saint-denis-premier-cru-monts-luisants-monopole-2020-domaine-ponsot","status":"publish","type":"product","link":"https:\/\/la-cave-privee-fixin.com\/fr\/produit\/morey-saint-denis-premier-cru-monts-luisants-monopole-2020-domaine-ponsot\/","title":{"rendered":"Morey-Saint-Denis Premier Cru \u00ab Monts Luisants \u00bb Monopole 2020 &#8211; Domaine Ponsot"},"content":{"rendered":"<p>Un vin blanc unique de la C\u00f4te de Nuits, produit exclusivement \u00e0 partir d&#8217;Aligot\u00e9. Ce rare Premier Cru monopole est issu de tr\u00e8s vieilles vignes. <\/p>\n","protected":false},"excerpt":{"rendered":"<p>Un vin blanc unique de la C\u00f4te de Nuits, produit exclusivement \u00e0 partir d&#8217;Aligot\u00e9. Ce rare Premier Cru monopole est issu de tr\u00e8s vieilles vignes.<\/p>\n","protected":false},"featured_media":6473,"comment_status":"closed","ping_status":"closed","template":"","meta":{"_acf_changed":false,"wds_primary_product_brand":0,"wds_primary_product_cat":0},"product_brand":[],"product_cat":[81],"product_tag":[],"class_list":{"0":"post-5232","1":"product","2":"type-product","3":"status-publish","4":"has-post-thumbnail","6":"product_cat-premier-cru-fr","8":"first","9":"outofstock","10":"taxable","11":"shipping-taxable","12":"purchasable","13":"product-type-simple"},"acf":[],"_links":{"self":[{"href":"https:\/\/la-cave-privee-fixin.com\/fr\/wp-json\/wp\/v2\/product\/5232","targetHints":{"allow":["GET"]}}],"collection":[{"href":"https:\/\/la-cave-privee-fixin.com\/fr\/wp-json\/wp\/v2\/product"}],"about":[{"href":"https:\/\/la-cave-privee-fixin.com\/fr\/wp-json\/wp\/v2\/types\/product"}],"replies":[{"embeddable":true,"href":"https:\/\/la-cave-privee-fixin.com\/fr\/wp-json\/wp\/v2\/comments?post=5232"}],"version-history":[{"count":0,"href":"https:\/\/la-cave-privee-fixin.com\/fr\/wp-json\/wp\/v2\/product\/5232\/revisions"}],"wp:featuredmedia":[{"embeddable":true,"href":"https:\/\/la-cave-privee-fixin.com\/fr\/wp-json\/wp\/v2\/media\/6473"}],"wp:attachment":[{"href":"https:\/\/la-cave-privee-fixin.com\/fr\/wp-json\/wp\/v2\/media?parent=5232"}],"wp:term":[{"taxonomy":"product_brand","embeddable":true,"href":"https:\/\/la-cave-privee-fixin.com\/fr\/wp-json\/wp\/v2\/product_brand?post=5232"},{"taxonomy":"product_cat","embeddable":true,"href":"https:\/\/la-cave-privee-fixin.com\/fr\/wp-json\/wp\/v2\/product_cat?post=5232"},{"taxonomy":"product_tag","embeddable":true,"href":"https:\/\/la-cave-privee-fixin.com\/fr\/wp-json\/wp\/v2\/product_tag?post=5232"}],"curies":[{"name":"wp","href":"https:\/\/api.w.org\/{rel}","templated":true}]}}