{"id":4822,"date":"2025-05-12T15:53:38","date_gmt":"2025-05-12T13:53:38","guid":{"rendered":"https:\/\/la-cave-privee-fixin.com\/product\/pouilly-fuisse-premier-cru-les-crays-2023-domaine-saumaize-michelin\/"},"modified":"2025-05-12T15:53:38","modified_gmt":"2025-05-12T13:53:38","slug":"pouilly-fuisse-premier-cru-les-crays-2023-domaine-saumaize-michelin","status":"publish","type":"product","link":"https:\/\/la-cave-privee-fixin.com\/fr\/produit\/pouilly-fuisse-premier-cru-les-crays-2023-domaine-saumaize-michelin\/","title":{"rendered":"Pouilly-Fuiss\u00e9 Premier Cru &#8220;Les Crays&#8221; 2023 &#8211; Domaine Saumaize-Michelin"},"content":{"rendered":"<p>D\u00e9couvrez les appellations du M\u00e2connais : abordables et uniques<\/p>\n","protected":false},"excerpt":{"rendered":"<p>D\u00e9couvrez les appellations du M\u00e2connais : abordables et uniques.<\/p>\n","protected":false},"featured_media":6478,"comment_status":"closed","ping_status":"closed","template":"","meta":{"_acf_changed":false,"wds_primary_product_brand":0,"wds_primary_product_cat":0},"product_brand":[],"product_cat":[81],"product_tag":[],"class_list":{"0":"post-4822","1":"product","2":"type-product","3":"status-publish","4":"has-post-thumbnail","6":"product_cat-premier-cru-fr","8":"first","9":"instock","10":"taxable","11":"shipping-taxable","12":"purchasable","13":"product-type-simple"},"acf":[],"_links":{"self":[{"href":"https:\/\/la-cave-privee-fixin.com\/fr\/wp-json\/wp\/v2\/product\/4822","targetHints":{"allow":["GET"]}}],"collection":[{"href":"https:\/\/la-cave-privee-fixin.com\/fr\/wp-json\/wp\/v2\/product"}],"about":[{"href":"https:\/\/la-cave-privee-fixin.com\/fr\/wp-json\/wp\/v2\/types\/product"}],"replies":[{"embeddable":true,"href":"https:\/\/la-cave-privee-fixin.com\/fr\/wp-json\/wp\/v2\/comments?post=4822"}],"version-history":[{"count":0,"href":"https:\/\/la-cave-privee-fixin.com\/fr\/wp-json\/wp\/v2\/product\/4822\/revisions"}],"wp:featuredmedia":[{"embeddable":true,"href":"https:\/\/la-cave-privee-fixin.com\/fr\/wp-json\/wp\/v2\/media\/6478"}],"wp:attachment":[{"href":"https:\/\/la-cave-privee-fixin.com\/fr\/wp-json\/wp\/v2\/media?parent=4822"}],"wp:term":[{"taxonomy":"product_brand","embeddable":true,"href":"https:\/\/la-cave-privee-fixin.com\/fr\/wp-json\/wp\/v2\/product_brand?post=4822"},{"taxonomy":"product_cat","embeddable":true,"href":"https:\/\/la-cave-privee-fixin.com\/fr\/wp-json\/wp\/v2\/product_cat?post=4822"},{"taxonomy":"product_tag","embeddable":true,"href":"https:\/\/la-cave-privee-fixin.com\/fr\/wp-json\/wp\/v2\/product_tag?post=4822"}],"curies":[{"name":"wp","href":"https:\/\/api.w.org\/{rel}","templated":true}]}}