{"id":4661,"date":"2025-03-30T14:59:44","date_gmt":"2025-03-30T12:59:44","guid":{"rendered":"https:\/\/la-cave-privee-fixin.com\/product\/gevrey-chambertin-premier-cru-lavaux-saint-jacques-2021-gerard-raphet\/"},"modified":"2025-03-30T14:59:44","modified_gmt":"2025-03-30T12:59:44","slug":"gevrey-chambertin-premier-cru-lavaux-saint-jacques-2021-gerard-raphet","status":"publish","type":"product","link":"https:\/\/la-cave-privee-fixin.com\/fr\/produit\/gevrey-chambertin-premier-cru-lavaux-saint-jacques-2021-gerard-raphet\/","title":{"rendered":"Gevrey-Chambertin Premier Cru &#8220;Lavaux Saint-Jacques&#8221; 2021 &#8211; G\u00e9rard Raphet"},"content":{"rendered":"<p>Un vin qui incarne l&#8217;\u00e9l\u00e9gance et la richesse des grands crus de Gevrey-Chambertin.<\/p>\n","protected":false},"excerpt":{"rendered":"<p>Un vin qui incarne l&#8217;\u00e9l\u00e9gance et la richesse des grands crus de Gevrey-Chambertin.<\/p>\n","protected":false},"featured_media":6462,"comment_status":"open","ping_status":"closed","template":"","meta":{"_acf_changed":false,"wds_primary_product_brand":0,"wds_primary_product_cat":0},"product_brand":[],"product_cat":[105],"product_tag":[],"class_list":{"0":"post-4661","1":"product","2":"type-product","3":"status-publish","4":"has-post-thumbnail","6":"product_cat-premier-cru-fr-2","8":"first","9":"instock","10":"taxable","11":"shipping-taxable","12":"purchasable","13":"product-type-simple"},"acf":[],"_links":{"self":[{"href":"https:\/\/la-cave-privee-fixin.com\/fr\/wp-json\/wp\/v2\/product\/4661","targetHints":{"allow":["GET"]}}],"collection":[{"href":"https:\/\/la-cave-privee-fixin.com\/fr\/wp-json\/wp\/v2\/product"}],"about":[{"href":"https:\/\/la-cave-privee-fixin.com\/fr\/wp-json\/wp\/v2\/types\/product"}],"replies":[{"embeddable":true,"href":"https:\/\/la-cave-privee-fixin.com\/fr\/wp-json\/wp\/v2\/comments?post=4661"}],"version-history":[{"count":0,"href":"https:\/\/la-cave-privee-fixin.com\/fr\/wp-json\/wp\/v2\/product\/4661\/revisions"}],"wp:featuredmedia":[{"embeddable":true,"href":"https:\/\/la-cave-privee-fixin.com\/fr\/wp-json\/wp\/v2\/media\/6462"}],"wp:attachment":[{"href":"https:\/\/la-cave-privee-fixin.com\/fr\/wp-json\/wp\/v2\/media?parent=4661"}],"wp:term":[{"taxonomy":"product_brand","embeddable":true,"href":"https:\/\/la-cave-privee-fixin.com\/fr\/wp-json\/wp\/v2\/product_brand?post=4661"},{"taxonomy":"product_cat","embeddable":true,"href":"https:\/\/la-cave-privee-fixin.com\/fr\/wp-json\/wp\/v2\/product_cat?post=4661"},{"taxonomy":"product_tag","embeddable":true,"href":"https:\/\/la-cave-privee-fixin.com\/fr\/wp-json\/wp\/v2\/product_tag?post=4661"}],"curies":[{"name":"wp","href":"https:\/\/api.w.org\/{rel}","templated":true}]}}