{"id":4655,"date":"2025-04-09T11:21:15","date_gmt":"2025-04-09T09:21:15","guid":{"rendered":"https:\/\/la-cave-privee-fixin.com\/product\/santenay-les-terrasses-de-bievaux-2021-justin-girardin\/"},"modified":"2025-04-09T11:21:15","modified_gmt":"2025-04-09T09:21:15","slug":"santenay-les-terrasses-de-bievaux-2021-justin-girardin","status":"publish","type":"product","link":"https:\/\/la-cave-privee-fixin.com\/fr\/produit\/santenay-les-terrasses-de-bievaux-2021-justin-girardin\/","title":{"rendered":"Santenay &#8220;Les Terrasses de Bievaux&#8221; 2021 &#8211; Justin Girardin"},"content":{"rendered":"","protected":false},"excerpt":{"rendered":"<p>Min\u00e9ralit\u00e9 \u00e9l\u00e9gante et fra\u00eecheur vibrante<\/p>\n","protected":false},"featured_media":6520,"comment_status":"open","ping_status":"closed","template":"","meta":{"_acf_changed":false,"wds_primary_product_brand":0,"wds_primary_product_cat":0},"product_brand":[],"product_cat":[83],"product_tag":[],"class_list":{"0":"post-4655","1":"product","2":"type-product","3":"status-publish","4":"has-post-thumbnail","6":"product_cat-village-fr-2","8":"first","9":"instock","10":"taxable","11":"shipping-taxable","12":"purchasable","13":"product-type-variable"},"acf":[],"_links":{"self":[{"href":"https:\/\/la-cave-privee-fixin.com\/fr\/wp-json\/wp\/v2\/product\/4655","targetHints":{"allow":["GET"]}}],"collection":[{"href":"https:\/\/la-cave-privee-fixin.com\/fr\/wp-json\/wp\/v2\/product"}],"about":[{"href":"https:\/\/la-cave-privee-fixin.com\/fr\/wp-json\/wp\/v2\/types\/product"}],"replies":[{"embeddable":true,"href":"https:\/\/la-cave-privee-fixin.com\/fr\/wp-json\/wp\/v2\/comments?post=4655"}],"version-history":[{"count":0,"href":"https:\/\/la-cave-privee-fixin.com\/fr\/wp-json\/wp\/v2\/product\/4655\/revisions"}],"wp:featuredmedia":[{"embeddable":true,"href":"https:\/\/la-cave-privee-fixin.com\/fr\/wp-json\/wp\/v2\/media\/6520"}],"wp:attachment":[{"href":"https:\/\/la-cave-privee-fixin.com\/fr\/wp-json\/wp\/v2\/media?parent=4655"}],"wp:term":[{"taxonomy":"product_brand","embeddable":true,"href":"https:\/\/la-cave-privee-fixin.com\/fr\/wp-json\/wp\/v2\/product_brand?post=4655"},{"taxonomy":"product_cat","embeddable":true,"href":"https:\/\/la-cave-privee-fixin.com\/fr\/wp-json\/wp\/v2\/product_cat?post=4655"},{"taxonomy":"product_tag","embeddable":true,"href":"https:\/\/la-cave-privee-fixin.com\/fr\/wp-json\/wp\/v2\/product_tag?post=4655"}],"curies":[{"name":"wp","href":"https:\/\/api.w.org\/{rel}","templated":true}]}}