{"id":4605,"date":"2025-04-09T14:15:02","date_gmt":"2025-04-09T12:15:02","guid":{"rendered":"https:\/\/la-cave-privee-fixin.com\/product\/vosne-romanee-premier-cru-les-suchots-2023-domaine-michel-noellat\/"},"modified":"2025-05-07T15:41:21","modified_gmt":"2025-05-07T13:41:21","slug":"vosne-romanee-premier-cru-les-suchots-2023-domaine-michel-noellat","status":"publish","type":"product","link":"https:\/\/la-cave-privee-fixin.com\/fr\/produit\/vosne-romanee-premier-cru-les-suchots-2023-domaine-michel-noellat\/","title":{"rendered":"Vosne-Roman\u00e9e Premier Cru &#8220;Les Suchots&#8221; 2023 &#8211; Domaine Michel Noellat"},"content":{"rendered":"","protected":false},"excerpt":{"rendered":"<p>D\u00e9couvrez ce remarquable premier cru situ\u00e9 \u00e0 200 m\u00e8tres de La Roman\u00e9e-Conti.<\/p>\n","protected":false},"featured_media":6451,"comment_status":"open","ping_status":"closed","template":"","meta":{"_acf_changed":false,"wds_primary_product_brand":0,"wds_primary_product_cat":0},"product_brand":[],"product_cat":[105],"product_tag":[],"class_list":{"0":"post-4605","1":"product","2":"type-product","3":"status-publish","4":"has-post-thumbnail","6":"product_cat-premier-cru-fr-2","8":"first","9":"instock","10":"taxable","11":"shipping-taxable","12":"purchasable","13":"product-type-simple"},"acf":[],"_links":{"self":[{"href":"https:\/\/la-cave-privee-fixin.com\/fr\/wp-json\/wp\/v2\/product\/4605","targetHints":{"allow":["GET"]}}],"collection":[{"href":"https:\/\/la-cave-privee-fixin.com\/fr\/wp-json\/wp\/v2\/product"}],"about":[{"href":"https:\/\/la-cave-privee-fixin.com\/fr\/wp-json\/wp\/v2\/types\/product"}],"replies":[{"embeddable":true,"href":"https:\/\/la-cave-privee-fixin.com\/fr\/wp-json\/wp\/v2\/comments?post=4605"}],"version-history":[{"count":0,"href":"https:\/\/la-cave-privee-fixin.com\/fr\/wp-json\/wp\/v2\/product\/4605\/revisions"}],"wp:featuredmedia":[{"embeddable":true,"href":"https:\/\/la-cave-privee-fixin.com\/fr\/wp-json\/wp\/v2\/media\/6451"}],"wp:attachment":[{"href":"https:\/\/la-cave-privee-fixin.com\/fr\/wp-json\/wp\/v2\/media?parent=4605"}],"wp:term":[{"taxonomy":"product_brand","embeddable":true,"href":"https:\/\/la-cave-privee-fixin.com\/fr\/wp-json\/wp\/v2\/product_brand?post=4605"},{"taxonomy":"product_cat","embeddable":true,"href":"https:\/\/la-cave-privee-fixin.com\/fr\/wp-json\/wp\/v2\/product_cat?post=4605"},{"taxonomy":"product_tag","embeddable":true,"href":"https:\/\/la-cave-privee-fixin.com\/fr\/wp-json\/wp\/v2\/product_tag?post=4605"}],"curies":[{"name":"wp","href":"https:\/\/api.w.org\/{rel}","templated":true}]}}