{"id":2574,"date":"2025-01-15T23:03:08","date_gmt":"2025-01-15T22:03:08","guid":{"rendered":"https:\/\/la-cave-privee-fixin.com\/produit\/chablis-grand-cru-les-preuses-domaine-roy\/"},"modified":"2025-02-13T09:39:24","modified_gmt":"2025-02-13T08:39:24","slug":"chablis-grand-cru-les-preuses-domaine-roy","status":"publish","type":"product","link":"https:\/\/la-cave-privee-fixin.com\/fr\/produit\/chablis-grand-cru-les-preuses-domaine-roy\/","title":{"rendered":"Chablis Grand Cru &#8220;Les Preuses&#8221; &#8211; Domaine Roy"},"content":{"rendered":"<p>D\u00e9couvrez le c\u00f4t\u00e9 min\u00e9ral de ce climat<\/p>\n","protected":false},"excerpt":{"rendered":"<p>D\u00e9couvrez le c\u00f4t\u00e9 min\u00e9ral de ce climat<\/p>\n","protected":false},"featured_media":6198,"comment_status":"closed","ping_status":"closed","template":"","meta":{"_acf_changed":false,"wds_primary_product_brand":0,"wds_primary_product_cat":0},"product_brand":[],"product_cat":[96,78],"product_tag":[],"class_list":{"0":"post-2574","1":"product","2":"type-product","3":"status-publish","4":"has-post-thumbnail","6":"product_cat-blanc-fr","7":"product_cat-grand-cru-fr","9":"first","10":"instock","11":"taxable","12":"shipping-taxable","13":"purchasable","14":"product-type-variable","15":"has-default-attributes"},"acf":[],"_links":{"self":[{"href":"https:\/\/la-cave-privee-fixin.com\/fr\/wp-json\/wp\/v2\/product\/2574","targetHints":{"allow":["GET"]}}],"collection":[{"href":"https:\/\/la-cave-privee-fixin.com\/fr\/wp-json\/wp\/v2\/product"}],"about":[{"href":"https:\/\/la-cave-privee-fixin.com\/fr\/wp-json\/wp\/v2\/types\/product"}],"replies":[{"embeddable":true,"href":"https:\/\/la-cave-privee-fixin.com\/fr\/wp-json\/wp\/v2\/comments?post=2574"}],"version-history":[{"count":0,"href":"https:\/\/la-cave-privee-fixin.com\/fr\/wp-json\/wp\/v2\/product\/2574\/revisions"}],"wp:featuredmedia":[{"embeddable":true,"href":"https:\/\/la-cave-privee-fixin.com\/fr\/wp-json\/wp\/v2\/media\/6198"}],"wp:attachment":[{"href":"https:\/\/la-cave-privee-fixin.com\/fr\/wp-json\/wp\/v2\/media?parent=2574"}],"wp:term":[{"taxonomy":"product_brand","embeddable":true,"href":"https:\/\/la-cave-privee-fixin.com\/fr\/wp-json\/wp\/v2\/product_brand?post=2574"},{"taxonomy":"product_cat","embeddable":true,"href":"https:\/\/la-cave-privee-fixin.com\/fr\/wp-json\/wp\/v2\/product_cat?post=2574"},{"taxonomy":"product_tag","embeddable":true,"href":"https:\/\/la-cave-privee-fixin.com\/fr\/wp-json\/wp\/v2\/product_tag?post=2574"}],"curies":[{"name":"wp","href":"https:\/\/api.w.org\/{rel}","templated":true}]}}