{"id":2562,"date":"2025-01-15T23:03:45","date_gmt":"2025-01-15T22:03:45","guid":{"rendered":"https:\/\/la-cave-privee-fixin.com\/produit\/morey-saint-denis-2021-domaine-gerard-raphet\/"},"modified":"2025-01-15T23:03:45","modified_gmt":"2025-01-15T22:03:45","slug":"morey-saint-denis-2021-domaine-gerard-raphet","status":"publish","type":"product","link":"https:\/\/la-cave-privee-fixin.com\/fr\/produit\/morey-saint-denis-2021-domaine-gerard-raphet\/","title":{"rendered":"Morey-Saint-Denis 2021 &#8211; Domaine G\u00e9rard Raphet"},"content":{"rendered":"<p>Le style Raphet: des vins fins et \u00e9l\u00e9gants <\/p>\n","protected":false},"excerpt":{"rendered":"<p>Le style Raphet: des vins fins et \u00e9l\u00e9gants <\/p>\n","protected":false},"featured_media":1954,"comment_status":"closed","ping_status":"closed","template":"","meta":{"_acf_changed":false,"wds_primary_product_brand":0,"wds_primary_product_cat":0},"product_brand":[],"product_cat":[76],"product_tag":[],"class_list":{"0":"post-2562","1":"product","2":"type-product","3":"status-publish","4":"has-post-thumbnail","6":"product_cat-village-fr","8":"first","9":"outofstock","10":"taxable","11":"shipping-taxable","12":"purchasable","13":"product-type-variable"},"acf":[],"_links":{"self":[{"href":"https:\/\/la-cave-privee-fixin.com\/fr\/wp-json\/wp\/v2\/product\/2562","targetHints":{"allow":["GET"]}}],"collection":[{"href":"https:\/\/la-cave-privee-fixin.com\/fr\/wp-json\/wp\/v2\/product"}],"about":[{"href":"https:\/\/la-cave-privee-fixin.com\/fr\/wp-json\/wp\/v2\/types\/product"}],"replies":[{"embeddable":true,"href":"https:\/\/la-cave-privee-fixin.com\/fr\/wp-json\/wp\/v2\/comments?post=2562"}],"version-history":[{"count":0,"href":"https:\/\/la-cave-privee-fixin.com\/fr\/wp-json\/wp\/v2\/product\/2562\/revisions"}],"wp:featuredmedia":[{"embeddable":true,"href":"https:\/\/la-cave-privee-fixin.com\/fr\/wp-json\/wp\/v2\/media\/1954"}],"wp:attachment":[{"href":"https:\/\/la-cave-privee-fixin.com\/fr\/wp-json\/wp\/v2\/media?parent=2562"}],"wp:term":[{"taxonomy":"product_brand","embeddable":true,"href":"https:\/\/la-cave-privee-fixin.com\/fr\/wp-json\/wp\/v2\/product_brand?post=2562"},{"taxonomy":"product_cat","embeddable":true,"href":"https:\/\/la-cave-privee-fixin.com\/fr\/wp-json\/wp\/v2\/product_cat?post=2562"},{"taxonomy":"product_tag","embeddable":true,"href":"https:\/\/la-cave-privee-fixin.com\/fr\/wp-json\/wp\/v2\/product_tag?post=2562"}],"curies":[{"name":"wp","href":"https:\/\/api.w.org\/{rel}","templated":true}]}}