{"id":2554,"date":"2025-01-15T23:04:11","date_gmt":"2025-01-15T22:04:11","guid":{"rendered":"https:\/\/la-cave-privee-fixin.com\/produit\/nuits-saint-georges-premier-cru-aux-perdrix-les-8-ouvrees-2020-domaine-des-perdrix\/"},"modified":"2025-02-12T16:58:25","modified_gmt":"2025-02-12T15:58:25","slug":"nuits-saint-georges-premier-cru-aux-perdrix-les-8-ouvrees-2020-domaine-des-perdrix","status":"publish","type":"product","link":"https:\/\/la-cave-privee-fixin.com\/fr\/produit\/nuits-saint-georges-premier-cru-aux-perdrix-les-8-ouvrees-2020-domaine-des-perdrix\/","title":{"rendered":"Nuits-Saint-Georges Premier Cru &#8220;Aux Perdrix &#8211; Les 8 Ouvr\u00e9es&#8221; &#8211; Domaine des Perdrix"},"content":{"rendered":"<p>Cuv\u00e9e sp\u00e9ciale des Perdrix avec des vignes de plus de 100 ans !<\/p>\n","protected":false},"excerpt":{"rendered":"<p>Cuv\u00e9e sp\u00e9ciale des Perdrix avec des vignes de plus de 100 ans !<\/p>\n","protected":false},"featured_media":1913,"comment_status":"closed","ping_status":"closed","template":"","meta":{"_acf_changed":false,"wds_primary_product_brand":0,"wds_primary_product_cat":0},"product_brand":[],"product_cat":[99,105],"product_tag":[],"class_list":{"0":"post-2554","1":"product","2":"type-product","3":"status-publish","4":"has-post-thumbnail","6":"product_cat-rouge-fr","7":"product_cat-premier-cru-fr-2","9":"first","10":"instock","11":"taxable","12":"shipping-taxable","13":"purchasable","14":"product-type-variable","15":"has-default-attributes"},"acf":[],"_links":{"self":[{"href":"https:\/\/la-cave-privee-fixin.com\/fr\/wp-json\/wp\/v2\/product\/2554","targetHints":{"allow":["GET"]}}],"collection":[{"href":"https:\/\/la-cave-privee-fixin.com\/fr\/wp-json\/wp\/v2\/product"}],"about":[{"href":"https:\/\/la-cave-privee-fixin.com\/fr\/wp-json\/wp\/v2\/types\/product"}],"replies":[{"embeddable":true,"href":"https:\/\/la-cave-privee-fixin.com\/fr\/wp-json\/wp\/v2\/comments?post=2554"}],"version-history":[{"count":0,"href":"https:\/\/la-cave-privee-fixin.com\/fr\/wp-json\/wp\/v2\/product\/2554\/revisions"}],"wp:featuredmedia":[{"embeddable":true,"href":"https:\/\/la-cave-privee-fixin.com\/fr\/wp-json\/wp\/v2\/media\/1913"}],"wp:attachment":[{"href":"https:\/\/la-cave-privee-fixin.com\/fr\/wp-json\/wp\/v2\/media?parent=2554"}],"wp:term":[{"taxonomy":"product_brand","embeddable":true,"href":"https:\/\/la-cave-privee-fixin.com\/fr\/wp-json\/wp\/v2\/product_brand?post=2554"},{"taxonomy":"product_cat","embeddable":true,"href":"https:\/\/la-cave-privee-fixin.com\/fr\/wp-json\/wp\/v2\/product_cat?post=2554"},{"taxonomy":"product_tag","embeddable":true,"href":"https:\/\/la-cave-privee-fixin.com\/fr\/wp-json\/wp\/v2\/product_tag?post=2554"}],"curies":[{"name":"wp","href":"https:\/\/api.w.org\/{rel}","templated":true}]}}