{"id":2550,"date":"2025-01-15T23:04:21","date_gmt":"2025-01-15T22:04:21","guid":{"rendered":"https:\/\/la-cave-privee-fixin.com\/produit\/pommard-1er-cru-les-argilieres-2017-domaine-parent\/"},"modified":"2025-05-13T11:02:36","modified_gmt":"2025-05-13T09:02:36","slug":"pommard-1er-cru-les-argilieres-2017-domaine-parent","status":"publish","type":"product","link":"https:\/\/la-cave-privee-fixin.com\/fr\/produit\/pommard-1er-cru-les-argilieres-2017-domaine-parent\/","title":{"rendered":"Pommard 1er Cru &#8220;Les Argili\u00e8res&#8221; 2017 &#8211; Domaine Parent"},"content":{"rendered":"<p>Un domaine implant\u00e9 \u00e0 Pommard depuis le XVII\u00e8me si\u00e8cle<\/p>\n","protected":false},"excerpt":{"rendered":"<p>Un domaine implant\u00e9 \u00e0 Pommard depuis le XVII\u00e8me si\u00e8cle<\/p>\n","protected":false},"featured_media":1919,"comment_status":"closed","ping_status":"closed","template":"","meta":{"_acf_changed":false,"wds_primary_product_brand":0,"wds_primary_product_cat":0},"product_brand":[],"product_cat":[99,105],"product_tag":[],"class_list":{"0":"post-2550","1":"product","2":"type-product","3":"status-publish","4":"has-post-thumbnail","6":"product_cat-rouge-fr","7":"product_cat-premier-cru-fr-2","9":"first","10":"instock","11":"taxable","12":"shipping-taxable","13":"purchasable","14":"product-type-simple"},"acf":[],"_links":{"self":[{"href":"https:\/\/la-cave-privee-fixin.com\/fr\/wp-json\/wp\/v2\/product\/2550","targetHints":{"allow":["GET"]}}],"collection":[{"href":"https:\/\/la-cave-privee-fixin.com\/fr\/wp-json\/wp\/v2\/product"}],"about":[{"href":"https:\/\/la-cave-privee-fixin.com\/fr\/wp-json\/wp\/v2\/types\/product"}],"replies":[{"embeddable":true,"href":"https:\/\/la-cave-privee-fixin.com\/fr\/wp-json\/wp\/v2\/comments?post=2550"}],"version-history":[{"count":0,"href":"https:\/\/la-cave-privee-fixin.com\/fr\/wp-json\/wp\/v2\/product\/2550\/revisions"}],"wp:featuredmedia":[{"embeddable":true,"href":"https:\/\/la-cave-privee-fixin.com\/fr\/wp-json\/wp\/v2\/media\/1919"}],"wp:attachment":[{"href":"https:\/\/la-cave-privee-fixin.com\/fr\/wp-json\/wp\/v2\/media?parent=2550"}],"wp:term":[{"taxonomy":"product_brand","embeddable":true,"href":"https:\/\/la-cave-privee-fixin.com\/fr\/wp-json\/wp\/v2\/product_brand?post=2550"},{"taxonomy":"product_cat","embeddable":true,"href":"https:\/\/la-cave-privee-fixin.com\/fr\/wp-json\/wp\/v2\/product_cat?post=2550"},{"taxonomy":"product_tag","embeddable":true,"href":"https:\/\/la-cave-privee-fixin.com\/fr\/wp-json\/wp\/v2\/product_tag?post=2550"}],"curies":[{"name":"wp","href":"https:\/\/api.w.org\/{rel}","templated":true}]}}