{"id":2545,"date":"2025-01-15T23:03:02","date_gmt":"2025-01-15T22:03:02","guid":{"rendered":"https:\/\/la-cave-privee-fixin.com\/produit\/meursault-premier-cru-genevrieres-2022-domaine-michelot\/"},"modified":"2025-04-16T15:16:09","modified_gmt":"2025-04-16T13:16:09","slug":"meursault-premier-cru-genevrieres-2022-domaine-michelot","status":"publish","type":"product","link":"https:\/\/la-cave-privee-fixin.com\/fr\/produit\/meursault-premier-cru-genevrieres-2022-domaine-michelot\/","title":{"rendered":"Meursault Premier Cru &#8220;Genevri\u00e8res&#8221; 2022 &#8211; Domaine Michelot"},"content":{"rendered":"<p>Un domaine au c\u0153ur de Meursault depuis 7 g\u00e9n\u00e9rations<\/p>\n","protected":false},"excerpt":{"rendered":"<p>Un domaine au c\u0153ur de Meursault depuis 7 g\u00e9n\u00e9rations<\/p>\n","protected":false},"featured_media":1871,"comment_status":"closed","ping_status":"closed","template":"","meta":{"_acf_changed":false,"wds_primary_product_brand":0,"wds_primary_product_cat":0},"product_brand":[],"product_cat":[81],"product_tag":[],"class_list":{"0":"post-2545","1":"product","2":"type-product","3":"status-publish","4":"has-post-thumbnail","6":"product_cat-premier-cru-fr","8":"first","9":"instock","10":"taxable","11":"shipping-taxable","12":"purchasable","13":"product-type-simple"},"acf":[],"_links":{"self":[{"href":"https:\/\/la-cave-privee-fixin.com\/fr\/wp-json\/wp\/v2\/product\/2545","targetHints":{"allow":["GET"]}}],"collection":[{"href":"https:\/\/la-cave-privee-fixin.com\/fr\/wp-json\/wp\/v2\/product"}],"about":[{"href":"https:\/\/la-cave-privee-fixin.com\/fr\/wp-json\/wp\/v2\/types\/product"}],"replies":[{"embeddable":true,"href":"https:\/\/la-cave-privee-fixin.com\/fr\/wp-json\/wp\/v2\/comments?post=2545"}],"version-history":[{"count":0,"href":"https:\/\/la-cave-privee-fixin.com\/fr\/wp-json\/wp\/v2\/product\/2545\/revisions"}],"wp:featuredmedia":[{"embeddable":true,"href":"https:\/\/la-cave-privee-fixin.com\/fr\/wp-json\/wp\/v2\/media\/1871"}],"wp:attachment":[{"href":"https:\/\/la-cave-privee-fixin.com\/fr\/wp-json\/wp\/v2\/media?parent=2545"}],"wp:term":[{"taxonomy":"product_brand","embeddable":true,"href":"https:\/\/la-cave-privee-fixin.com\/fr\/wp-json\/wp\/v2\/product_brand?post=2545"},{"taxonomy":"product_cat","embeddable":true,"href":"https:\/\/la-cave-privee-fixin.com\/fr\/wp-json\/wp\/v2\/product_cat?post=2545"},{"taxonomy":"product_tag","embeddable":true,"href":"https:\/\/la-cave-privee-fixin.com\/fr\/wp-json\/wp\/v2\/product_tag?post=2545"}],"curies":[{"name":"wp","href":"https:\/\/api.w.org\/{rel}","templated":true}]}}