{"id":2537,"date":"2025-01-15T23:02:46","date_gmt":"2025-01-15T22:02:46","guid":{"rendered":"https:\/\/la-cave-privee-fixin.com\/produit\/meursault-clos-des-meix-chavaux-monopole-2019-domaine-francois-gaunoux\/"},"modified":"2025-01-15T23:02:46","modified_gmt":"2025-01-15T22:02:46","slug":"meursault-clos-des-meix-chavaux-monopole-2019-domaine-francois-gaunoux","status":"publish","type":"product","link":"https:\/\/la-cave-privee-fixin.com\/fr\/produit\/meursault-clos-des-meix-chavaux-monopole-2019-domaine-francois-gaunoux\/","title":{"rendered":"Meursault &#8220;Clos des Meix Chavaux Monopole&#8221; 2019 &#8211; Domaine Fran\u00e7ois Gaunoux"},"content":{"rendered":"<p>Un des rares domaines de Bourgogne qui ne fait pas voir le bois \u00e0 leurs cuv\u00e9es !<\/p>\n","protected":false},"excerpt":{"rendered":"<p>Un des rares domaines de Bourgogne qui ne fait pas voir le bois \u00e0 leurs cuv\u00e9es !<\/p>\n","protected":false},"featured_media":1890,"comment_status":"closed","ping_status":"closed","template":"","meta":{"_acf_changed":false,"wds_primary_product_brand":0,"wds_primary_product_cat":0},"product_brand":[],"product_cat":[83],"product_tag":[],"class_list":{"0":"post-2537","1":"product","2":"type-product","3":"status-publish","4":"has-post-thumbnail","6":"product_cat-village-fr-2","8":"first","9":"outofstock","10":"taxable","11":"shipping-taxable","12":"purchasable","13":"product-type-simple"},"acf":[],"_links":{"self":[{"href":"https:\/\/la-cave-privee-fixin.com\/fr\/wp-json\/wp\/v2\/product\/2537","targetHints":{"allow":["GET"]}}],"collection":[{"href":"https:\/\/la-cave-privee-fixin.com\/fr\/wp-json\/wp\/v2\/product"}],"about":[{"href":"https:\/\/la-cave-privee-fixin.com\/fr\/wp-json\/wp\/v2\/types\/product"}],"replies":[{"embeddable":true,"href":"https:\/\/la-cave-privee-fixin.com\/fr\/wp-json\/wp\/v2\/comments?post=2537"}],"version-history":[{"count":0,"href":"https:\/\/la-cave-privee-fixin.com\/fr\/wp-json\/wp\/v2\/product\/2537\/revisions"}],"wp:featuredmedia":[{"embeddable":true,"href":"https:\/\/la-cave-privee-fixin.com\/fr\/wp-json\/wp\/v2\/media\/1890"}],"wp:attachment":[{"href":"https:\/\/la-cave-privee-fixin.com\/fr\/wp-json\/wp\/v2\/media?parent=2537"}],"wp:term":[{"taxonomy":"product_brand","embeddable":true,"href":"https:\/\/la-cave-privee-fixin.com\/fr\/wp-json\/wp\/v2\/product_brand?post=2537"},{"taxonomy":"product_cat","embeddable":true,"href":"https:\/\/la-cave-privee-fixin.com\/fr\/wp-json\/wp\/v2\/product_cat?post=2537"},{"taxonomy":"product_tag","embeddable":true,"href":"https:\/\/la-cave-privee-fixin.com\/fr\/wp-json\/wp\/v2\/product_tag?post=2537"}],"curies":[{"name":"wp","href":"https:\/\/api.w.org\/{rel}","templated":true}]}}