{"id":2536,"date":"2025-01-15T23:04:00","date_gmt":"2025-01-15T22:04:00","guid":{"rendered":"https:\/\/la-cave-privee-fixin.com\/produit\/maranges-1er-cru-clos-des-loyeres-2017-domaine-edmont-monot\/"},"modified":"2025-02-12T16:59:36","modified_gmt":"2025-02-12T15:59:36","slug":"maranges-1er-cru-clos-des-loyeres-2017-domaine-edmont-monot","status":"publish","type":"product","link":"https:\/\/la-cave-privee-fixin.com\/fr\/produit\/maranges-1er-cru-clos-des-loyeres-2017-domaine-edmont-monot\/","title":{"rendered":"Maranges 1er Cru &#8220;Clos des Loy\u00e8res&#8221; 2017 &#8211; Domaine Edmont Monot"},"content":{"rendered":"<p>Un domaine cr\u00e9\u00e9 en 1920, men\u00e9 par la troisi\u00e8me g\u00e9n\u00e9ration<\/p>\n","protected":false},"excerpt":{"rendered":"<p>Un domaine cr\u00e9\u00e9 en 1920, men\u00e9 par la troisi\u00e8me g\u00e9n\u00e9ration<\/p>\n","protected":false},"featured_media":8781,"comment_status":"closed","ping_status":"closed","template":"","meta":{"_acf_changed":false,"wds_primary_product_brand":0,"wds_primary_product_cat":0},"product_brand":[],"product_cat":[99,105],"product_tag":[],"class_list":{"0":"post-2536","1":"product","2":"type-product","3":"status-publish","4":"has-post-thumbnail","6":"product_cat-rouge-fr","7":"product_cat-premier-cru-fr-2","9":"first","10":"outofstock","11":"taxable","12":"shipping-taxable","13":"purchasable","14":"product-type-simple"},"acf":[],"_links":{"self":[{"href":"https:\/\/la-cave-privee-fixin.com\/fr\/wp-json\/wp\/v2\/product\/2536","targetHints":{"allow":["GET"]}}],"collection":[{"href":"https:\/\/la-cave-privee-fixin.com\/fr\/wp-json\/wp\/v2\/product"}],"about":[{"href":"https:\/\/la-cave-privee-fixin.com\/fr\/wp-json\/wp\/v2\/types\/product"}],"replies":[{"embeddable":true,"href":"https:\/\/la-cave-privee-fixin.com\/fr\/wp-json\/wp\/v2\/comments?post=2536"}],"version-history":[{"count":0,"href":"https:\/\/la-cave-privee-fixin.com\/fr\/wp-json\/wp\/v2\/product\/2536\/revisions"}],"wp:featuredmedia":[{"embeddable":true,"href":"https:\/\/la-cave-privee-fixin.com\/fr\/wp-json\/wp\/v2\/media\/8781"}],"wp:attachment":[{"href":"https:\/\/la-cave-privee-fixin.com\/fr\/wp-json\/wp\/v2\/media?parent=2536"}],"wp:term":[{"taxonomy":"product_brand","embeddable":true,"href":"https:\/\/la-cave-privee-fixin.com\/fr\/wp-json\/wp\/v2\/product_brand?post=2536"},{"taxonomy":"product_cat","embeddable":true,"href":"https:\/\/la-cave-privee-fixin.com\/fr\/wp-json\/wp\/v2\/product_cat?post=2536"},{"taxonomy":"product_tag","embeddable":true,"href":"https:\/\/la-cave-privee-fixin.com\/fr\/wp-json\/wp\/v2\/product_tag?post=2536"}],"curies":[{"name":"wp","href":"https:\/\/api.w.org\/{rel}","templated":true}]}}