{"id":2524,"date":"2025-01-15T23:02:44","date_gmt":"2025-01-15T22:02:44","guid":{"rendered":"https:\/\/la-cave-privee-fixin.com\/produit\/ladoix-blanc-2020-domaine-jean-pierre-maldant\/"},"modified":"2025-01-15T23:02:44","modified_gmt":"2025-01-15T22:02:44","slug":"ladoix-blanc-2020-domaine-jean-pierre-maldant","status":"publish","type":"product","link":"https:\/\/la-cave-privee-fixin.com\/fr\/produit\/ladoix-blanc-2020-domaine-jean-pierre-maldant\/","title":{"rendered":"Ladoix blanc 2020 &#8211; Domaine Jean Pierre Maldant"},"content":{"rendered":"<p>Culture raisonn\u00e9e, labours \u00e0 l&#8217;ancienne et vendanges manuelles font l&#8217;identit\u00e9 de ce domaine <\/p>\n","protected":false},"excerpt":{"rendered":"<p>Culture raisonn\u00e9e, labours \u00e0 l&#8217;ancienne et vendanges manuelles font l&#8217;identit\u00e9 de ce domaine <\/p>\n","protected":false},"featured_media":1889,"comment_status":"closed","ping_status":"closed","template":"","meta":{"_acf_changed":false,"wds_primary_product_brand":0,"wds_primary_product_cat":0},"product_brand":[],"product_cat":[83],"product_tag":[],"class_list":{"0":"post-2524","1":"product","2":"type-product","3":"status-publish","4":"has-post-thumbnail","6":"product_cat-village-fr-2","8":"first","9":"instock","10":"taxable","11":"shipping-taxable","12":"purchasable","13":"product-type-variable"},"acf":[],"_links":{"self":[{"href":"https:\/\/la-cave-privee-fixin.com\/fr\/wp-json\/wp\/v2\/product\/2524","targetHints":{"allow":["GET"]}}],"collection":[{"href":"https:\/\/la-cave-privee-fixin.com\/fr\/wp-json\/wp\/v2\/product"}],"about":[{"href":"https:\/\/la-cave-privee-fixin.com\/fr\/wp-json\/wp\/v2\/types\/product"}],"replies":[{"embeddable":true,"href":"https:\/\/la-cave-privee-fixin.com\/fr\/wp-json\/wp\/v2\/comments?post=2524"}],"version-history":[{"count":0,"href":"https:\/\/la-cave-privee-fixin.com\/fr\/wp-json\/wp\/v2\/product\/2524\/revisions"}],"wp:featuredmedia":[{"embeddable":true,"href":"https:\/\/la-cave-privee-fixin.com\/fr\/wp-json\/wp\/v2\/media\/1889"}],"wp:attachment":[{"href":"https:\/\/la-cave-privee-fixin.com\/fr\/wp-json\/wp\/v2\/media?parent=2524"}],"wp:term":[{"taxonomy":"product_brand","embeddable":true,"href":"https:\/\/la-cave-privee-fixin.com\/fr\/wp-json\/wp\/v2\/product_brand?post=2524"},{"taxonomy":"product_cat","embeddable":true,"href":"https:\/\/la-cave-privee-fixin.com\/fr\/wp-json\/wp\/v2\/product_cat?post=2524"},{"taxonomy":"product_tag","embeddable":true,"href":"https:\/\/la-cave-privee-fixin.com\/fr\/wp-json\/wp\/v2\/product_tag?post=2524"}],"curies":[{"name":"wp","href":"https:\/\/api.w.org\/{rel}","templated":true}]}}