{"id":2488,"date":"2025-01-15T23:03:15","date_gmt":"2025-01-15T22:03:15","guid":{"rendered":"https:\/\/la-cave-privee-fixin.com\/produit\/corton-blanc-grand-cru-2021-domaine-maillard-pere-et-fils\/"},"modified":"2025-02-12T14:29:29","modified_gmt":"2025-02-12T13:29:29","slug":"corton-blanc-grand-cru-2021-domaine-maillard-pere-et-fils","status":"publish","type":"product","link":"https:\/\/la-cave-privee-fixin.com\/fr\/produit\/corton-blanc-grand-cru-2021-domaine-maillard-pere-et-fils\/","title":{"rendered":"Corton Blanc Grand Cru &#8211; Domaine Maillard P\u00e8re et Fils"},"content":{"rendered":"<p>D\u00e9couvrez le seul Grand Cru rouge de la C\u00f4te de Beaune<\/p>\n","protected":false},"excerpt":{"rendered":"<p>D\u00e9couvrez le seul Grand Cru rouge de la C\u00f4te de Beaune<\/p>\n","protected":false},"featured_media":1875,"comment_status":"closed","ping_status":"closed","template":"","meta":{"_acf_changed":false,"wds_primary_product_brand":0,"wds_primary_product_cat":0},"product_brand":[],"product_cat":[78],"product_tag":[],"class_list":{"0":"post-2488","1":"product","2":"type-product","3":"status-publish","4":"has-post-thumbnail","6":"product_cat-grand-cru-fr","8":"first","9":"instock","10":"taxable","11":"shipping-taxable","12":"purchasable","13":"product-type-variable","14":"has-default-attributes"},"acf":[],"_links":{"self":[{"href":"https:\/\/la-cave-privee-fixin.com\/fr\/wp-json\/wp\/v2\/product\/2488","targetHints":{"allow":["GET"]}}],"collection":[{"href":"https:\/\/la-cave-privee-fixin.com\/fr\/wp-json\/wp\/v2\/product"}],"about":[{"href":"https:\/\/la-cave-privee-fixin.com\/fr\/wp-json\/wp\/v2\/types\/product"}],"replies":[{"embeddable":true,"href":"https:\/\/la-cave-privee-fixin.com\/fr\/wp-json\/wp\/v2\/comments?post=2488"}],"version-history":[{"count":0,"href":"https:\/\/la-cave-privee-fixin.com\/fr\/wp-json\/wp\/v2\/product\/2488\/revisions"}],"wp:featuredmedia":[{"embeddable":true,"href":"https:\/\/la-cave-privee-fixin.com\/fr\/wp-json\/wp\/v2\/media\/1875"}],"wp:attachment":[{"href":"https:\/\/la-cave-privee-fixin.com\/fr\/wp-json\/wp\/v2\/media?parent=2488"}],"wp:term":[{"taxonomy":"product_brand","embeddable":true,"href":"https:\/\/la-cave-privee-fixin.com\/fr\/wp-json\/wp\/v2\/product_brand?post=2488"},{"taxonomy":"product_cat","embeddable":true,"href":"https:\/\/la-cave-privee-fixin.com\/fr\/wp-json\/wp\/v2\/product_cat?post=2488"},{"taxonomy":"product_tag","embeddable":true,"href":"https:\/\/la-cave-privee-fixin.com\/fr\/wp-json\/wp\/v2\/product_tag?post=2488"}],"curies":[{"name":"wp","href":"https:\/\/api.w.org\/{rel}","templated":true}]}}