{"id":2487,"date":"2025-01-15T23:04:30","date_gmt":"2025-01-15T22:04:30","guid":{"rendered":"https:\/\/la-cave-privee-fixin.com\/produit\/corton-renardes-2019-domaine-maillard-pere-fils\/"},"modified":"2025-01-15T23:04:30","modified_gmt":"2025-01-15T22:04:30","slug":"corton-renardes-2019-domaine-maillard-pere-fils","status":"publish","type":"product","link":"https:\/\/la-cave-privee-fixin.com\/fr\/produit\/corton-renardes-2019-domaine-maillard-pere-fils\/","title":{"rendered":"Corton &#8220;Renardes&#8221; 2019 &#8211; Domaine Maillard P\u00e8re &amp; fils"},"content":{"rendered":"<p>D\u00e9couvrez le seul Grand Cru rouge de la C\u00f4te de Beaune<\/p>\n","protected":false},"excerpt":{"rendered":"<p>D\u00e9couvrez le seul Grand Cru rouge de la C\u00f4te de Beaune<\/p>\n","protected":false},"featured_media":1934,"comment_status":"closed","ping_status":"closed","template":"","meta":{"_acf_changed":false,"wds_primary_product_brand":0,"wds_primary_product_cat":0},"product_brand":[],"product_cat":[82],"product_tag":[],"class_list":{"0":"post-2487","1":"product","2":"type-product","3":"status-publish","4":"has-post-thumbnail","6":"product_cat-grand-cru-fr-2","8":"first","9":"instock","10":"taxable","11":"shipping-taxable","12":"purchasable","13":"product-type-variable"},"acf":[],"_links":{"self":[{"href":"https:\/\/la-cave-privee-fixin.com\/fr\/wp-json\/wp\/v2\/product\/2487","targetHints":{"allow":["GET"]}}],"collection":[{"href":"https:\/\/la-cave-privee-fixin.com\/fr\/wp-json\/wp\/v2\/product"}],"about":[{"href":"https:\/\/la-cave-privee-fixin.com\/fr\/wp-json\/wp\/v2\/types\/product"}],"replies":[{"embeddable":true,"href":"https:\/\/la-cave-privee-fixin.com\/fr\/wp-json\/wp\/v2\/comments?post=2487"}],"version-history":[{"count":0,"href":"https:\/\/la-cave-privee-fixin.com\/fr\/wp-json\/wp\/v2\/product\/2487\/revisions"}],"wp:featuredmedia":[{"embeddable":true,"href":"https:\/\/la-cave-privee-fixin.com\/fr\/wp-json\/wp\/v2\/media\/1934"}],"wp:attachment":[{"href":"https:\/\/la-cave-privee-fixin.com\/fr\/wp-json\/wp\/v2\/media?parent=2487"}],"wp:term":[{"taxonomy":"product_brand","embeddable":true,"href":"https:\/\/la-cave-privee-fixin.com\/fr\/wp-json\/wp\/v2\/product_brand?post=2487"},{"taxonomy":"product_cat","embeddable":true,"href":"https:\/\/la-cave-privee-fixin.com\/fr\/wp-json\/wp\/v2\/product_cat?post=2487"},{"taxonomy":"product_tag","embeddable":true,"href":"https:\/\/la-cave-privee-fixin.com\/fr\/wp-json\/wp\/v2\/product_tag?post=2487"}],"curies":[{"name":"wp","href":"https:\/\/api.w.org\/{rel}","templated":true}]}}