{"id":2481,"date":"2025-01-15T23:04:28","date_gmt":"2025-01-15T22:04:28","guid":{"rendered":"https:\/\/la-cave-privee-fixin.com\/produit\/clos-de-vougeot-vieilles-vignes-grand-cru-2021-domaine-gerard-raphet\/"},"modified":"2025-02-13T08:20:31","modified_gmt":"2025-02-13T07:20:31","slug":"clos-de-vougeot-vieilles-vignes-grand-cru-2021-domaine-gerard-raphet","status":"publish","type":"product","link":"https:\/\/la-cave-privee-fixin.com\/fr\/produit\/clos-de-vougeot-vieilles-vignes-grand-cru-2021-domaine-gerard-raphet\/","title":{"rendered":"Clos de Vougeot &#8220;Vieilles Vignes&#8221; Grand Cru 2021 &#8211; Domaine G\u00e9rard Raphet"},"content":{"rendered":"<p>D\u00e9couvrez le Grand Cru de la C\u00f4te de Nuits<\/p>\n","protected":false},"excerpt":{"rendered":"<p>D\u00e9couvrez le Grand Cru de la C\u00f4te de Nuits<\/p>\n","protected":false},"featured_media":1932,"comment_status":"closed","ping_status":"closed","template":"","meta":{"_acf_changed":false,"wds_primary_product_brand":0,"wds_primary_product_cat":0},"product_brand":[],"product_cat":[82],"product_tag":[],"class_list":{"0":"post-2481","1":"product","2":"type-product","3":"status-publish","4":"has-post-thumbnail","6":"product_cat-grand-cru-fr-2","8":"first","9":"instock","10":"taxable","11":"shipping-taxable","12":"purchasable","13":"product-type-simple"},"acf":[],"_links":{"self":[{"href":"https:\/\/la-cave-privee-fixin.com\/fr\/wp-json\/wp\/v2\/product\/2481","targetHints":{"allow":["GET"]}}],"collection":[{"href":"https:\/\/la-cave-privee-fixin.com\/fr\/wp-json\/wp\/v2\/product"}],"about":[{"href":"https:\/\/la-cave-privee-fixin.com\/fr\/wp-json\/wp\/v2\/types\/product"}],"replies":[{"embeddable":true,"href":"https:\/\/la-cave-privee-fixin.com\/fr\/wp-json\/wp\/v2\/comments?post=2481"}],"version-history":[{"count":0,"href":"https:\/\/la-cave-privee-fixin.com\/fr\/wp-json\/wp\/v2\/product\/2481\/revisions"}],"wp:featuredmedia":[{"embeddable":true,"href":"https:\/\/la-cave-privee-fixin.com\/fr\/wp-json\/wp\/v2\/media\/1932"}],"wp:attachment":[{"href":"https:\/\/la-cave-privee-fixin.com\/fr\/wp-json\/wp\/v2\/media?parent=2481"}],"wp:term":[{"taxonomy":"product_brand","embeddable":true,"href":"https:\/\/la-cave-privee-fixin.com\/fr\/wp-json\/wp\/v2\/product_brand?post=2481"},{"taxonomy":"product_cat","embeddable":true,"href":"https:\/\/la-cave-privee-fixin.com\/fr\/wp-json\/wp\/v2\/product_cat?post=2481"},{"taxonomy":"product_tag","embeddable":true,"href":"https:\/\/la-cave-privee-fixin.com\/fr\/wp-json\/wp\/v2\/product_tag?post=2481"}],"curies":[{"name":"wp","href":"https:\/\/api.w.org\/{rel}","templated":true}]}}