{"id":2472,"date":"2025-01-15T23:02:58","date_gmt":"2025-01-15T22:02:58","guid":{"rendered":"https:\/\/la-cave-privee-fixin.com\/produit\/chablis-premier-cru-les-fourneaux-2021-domaine-charly-nicolle\/"},"modified":"2025-04-16T15:30:34","modified_gmt":"2025-04-16T13:30:34","slug":"chablis-premier-cru-les-fourneaux-2021-domaine-charly-nicolle","status":"publish","type":"product","link":"https:\/\/la-cave-privee-fixin.com\/fr\/produit\/chablis-premier-cru-les-fourneaux-2021-domaine-charly-nicolle\/","title":{"rendered":"Chablis Premier Cru &#8220;Les Fourneaux&#8221; 2021 &#8211; Domaine Charly Nicolle"},"content":{"rendered":"<p>Une \u00e9l\u00e9gance chaleureuse et min\u00e9rale<\/p>\n","protected":false},"excerpt":{"rendered":"<p>Une \u00e9l\u00e9gance chaleureuse et min\u00e9rale<\/p>\n","protected":false},"featured_media":1866,"comment_status":"closed","ping_status":"closed","template":"","meta":{"_acf_changed":false,"wds_primary_product_brand":0,"wds_primary_product_cat":0},"product_brand":[],"product_cat":[81],"product_tag":[],"class_list":{"0":"post-2472","1":"product","2":"type-product","3":"status-publish","4":"has-post-thumbnail","6":"product_cat-premier-cru-fr","8":"first","9":"instock","10":"taxable","11":"shipping-taxable","12":"purchasable","13":"product-type-simple"},"acf":[],"_links":{"self":[{"href":"https:\/\/la-cave-privee-fixin.com\/fr\/wp-json\/wp\/v2\/product\/2472","targetHints":{"allow":["GET"]}}],"collection":[{"href":"https:\/\/la-cave-privee-fixin.com\/fr\/wp-json\/wp\/v2\/product"}],"about":[{"href":"https:\/\/la-cave-privee-fixin.com\/fr\/wp-json\/wp\/v2\/types\/product"}],"replies":[{"embeddable":true,"href":"https:\/\/la-cave-privee-fixin.com\/fr\/wp-json\/wp\/v2\/comments?post=2472"}],"version-history":[{"count":0,"href":"https:\/\/la-cave-privee-fixin.com\/fr\/wp-json\/wp\/v2\/product\/2472\/revisions"}],"wp:featuredmedia":[{"embeddable":true,"href":"https:\/\/la-cave-privee-fixin.com\/fr\/wp-json\/wp\/v2\/media\/1866"}],"wp:attachment":[{"href":"https:\/\/la-cave-privee-fixin.com\/fr\/wp-json\/wp\/v2\/media?parent=2472"}],"wp:term":[{"taxonomy":"product_brand","embeddable":true,"href":"https:\/\/la-cave-privee-fixin.com\/fr\/wp-json\/wp\/v2\/product_brand?post=2472"},{"taxonomy":"product_cat","embeddable":true,"href":"https:\/\/la-cave-privee-fixin.com\/fr\/wp-json\/wp\/v2\/product_cat?post=2472"},{"taxonomy":"product_tag","embeddable":true,"href":"https:\/\/la-cave-privee-fixin.com\/fr\/wp-json\/wp\/v2\/product_tag?post=2472"}],"curies":[{"name":"wp","href":"https:\/\/api.w.org\/{rel}","templated":true}]}}