{"id":12182,"date":"2025-07-10T11:14:44","date_gmt":"2025-07-10T09:14:44","guid":{"rendered":"https:\/\/la-cave-privee-fixin.com\/product\/chorey-les-beaune-2022-domaine-maillard\/"},"modified":"2025-07-10T11:14:44","modified_gmt":"2025-07-10T09:14:44","slug":"chorey-les-beaune-2022-domaine-maillard","status":"publish","type":"product","link":"https:\/\/la-cave-privee-fixin.com\/fr\/produit\/chorey-les-beaune-2022-domaine-maillard\/","title":{"rendered":"Chorey-Les-Beaune 2022 &#8211; Domaine Maillard"},"content":{"rendered":"<p><span class=\"HwtZe\" lang=\"en\"><span class=\"jCAhz ChMk0b\"><span class=\"ryNqvb\">La famille Maillard est vigneronne en Bourgogne depuis le XVIIIe si\u00e8cle.<\/span><\/span> <span class=\"jCAhz ChMk0b\"><span class=\"ryNqvb\">Le Domaine Maillard, fond\u00e9 par Daniel en 1952, s&#8217;\u00e9tend aujourd&#8217;hui sur 19 hectares et produit des vins issus des c\u00e9l\u00e8bres appellations bourguignonnes.<\/span><\/span> <span class=\"jCAhz ChMk0b\"><span class=\"ryNqvb\">Ses deux fils, Alain et Pascal, assurent la continuit\u00e9 du domaine, dans le respect des traditions de la culture de la vigne et de la vinification.<\/span><\/span><\/span><\/p>\n","protected":false},"excerpt":{"rendered":"<p><span class=\"HwtZe\" lang=\"en\"><span class=\"jCAhz ChMk0b\"><span class=\"ryNqvb\">La famille Maillard est un domaine en Bourgogne depuis le XVIIIe si\u00e8cle.<\/span><\/span> <\/span><\/p>\n","protected":false},"featured_media":8151,"comment_status":"closed","ping_status":"closed","template":"","meta":{"_acf_changed":false,"wds_primary_product_brand":0,"wds_primary_product_cat":0},"product_brand":[],"product_cat":[76],"product_tag":[],"class_list":{"0":"post-12182","1":"product","2":"type-product","3":"status-publish","4":"has-post-thumbnail","6":"product_cat-village-fr","8":"first","9":"instock","10":"taxable","11":"shipping-taxable","12":"purchasable","13":"product-type-simple"},"acf":[],"_links":{"self":[{"href":"https:\/\/la-cave-privee-fixin.com\/fr\/wp-json\/wp\/v2\/product\/12182","targetHints":{"allow":["GET"]}}],"collection":[{"href":"https:\/\/la-cave-privee-fixin.com\/fr\/wp-json\/wp\/v2\/product"}],"about":[{"href":"https:\/\/la-cave-privee-fixin.com\/fr\/wp-json\/wp\/v2\/types\/product"}],"replies":[{"embeddable":true,"href":"https:\/\/la-cave-privee-fixin.com\/fr\/wp-json\/wp\/v2\/comments?post=12182"}],"version-history":[{"count":0,"href":"https:\/\/la-cave-privee-fixin.com\/fr\/wp-json\/wp\/v2\/product\/12182\/revisions"}],"wp:featuredmedia":[{"embeddable":true,"href":"https:\/\/la-cave-privee-fixin.com\/fr\/wp-json\/wp\/v2\/media\/8151"}],"wp:attachment":[{"href":"https:\/\/la-cave-privee-fixin.com\/fr\/wp-json\/wp\/v2\/media?parent=12182"}],"wp:term":[{"taxonomy":"product_brand","embeddable":true,"href":"https:\/\/la-cave-privee-fixin.com\/fr\/wp-json\/wp\/v2\/product_brand?post=12182"},{"taxonomy":"product_cat","embeddable":true,"href":"https:\/\/la-cave-privee-fixin.com\/fr\/wp-json\/wp\/v2\/product_cat?post=12182"},{"taxonomy":"product_tag","embeddable":true,"href":"https:\/\/la-cave-privee-fixin.com\/fr\/wp-json\/wp\/v2\/product_tag?post=12182"}],"curies":[{"name":"wp","href":"https:\/\/api.w.org\/{rel}","templated":true}]}}