{"id":12179,"date":"2025-09-30T14:47:40","date_gmt":"2025-09-30T12:47:40","guid":{"rendered":"https:\/\/la-cave-privee-fixin.com\/product\/saint-romain-au-bas-de-poillange-2023-vignoble-de-pauline\/"},"modified":"2025-09-30T14:47:40","modified_gmt":"2025-09-30T12:47:40","slug":"saint-romain-au-bas-de-poillange-2023-vignoble-de-pauline","status":"publish","type":"product","link":"https:\/\/la-cave-privee-fixin.com\/fr\/produit\/saint-romain-au-bas-de-poillange-2023-vignoble-de-pauline\/","title":{"rendered":"Saint-Romain &#8220;Au bas de Poillange&#8221; 2023 &#8211; Vignoble de Pauline"},"content":{"rendered":"<p>Un excellent Bourgogne blanc alliant puissance, puret\u00e9 et acidit\u00e9 vive et rafra\u00eechissante.<\/p>\n","protected":false},"excerpt":{"rendered":"<p>Un excellent Bourgogne blanc alliant puissance, puret\u00e9 et acidit\u00e9 vive et rafra\u00eechissante.<\/p>\n","protected":false},"featured_media":2026,"comment_status":"closed","ping_status":"closed","template":"","meta":{"_acf_changed":false,"wds_primary_product_brand":0,"wds_primary_product_cat":0},"product_brand":[],"product_cat":[83],"product_tag":[],"class_list":{"0":"post-12179","1":"product","2":"type-product","3":"status-publish","4":"has-post-thumbnail","6":"product_cat-village-fr-2","8":"first","9":"instock","10":"taxable","11":"shipping-taxable","12":"purchasable","13":"product-type-simple"},"acf":[],"_links":{"self":[{"href":"https:\/\/la-cave-privee-fixin.com\/fr\/wp-json\/wp\/v2\/product\/12179","targetHints":{"allow":["GET"]}}],"collection":[{"href":"https:\/\/la-cave-privee-fixin.com\/fr\/wp-json\/wp\/v2\/product"}],"about":[{"href":"https:\/\/la-cave-privee-fixin.com\/fr\/wp-json\/wp\/v2\/types\/product"}],"replies":[{"embeddable":true,"href":"https:\/\/la-cave-privee-fixin.com\/fr\/wp-json\/wp\/v2\/comments?post=12179"}],"version-history":[{"count":0,"href":"https:\/\/la-cave-privee-fixin.com\/fr\/wp-json\/wp\/v2\/product\/12179\/revisions"}],"wp:featuredmedia":[{"embeddable":true,"href":"https:\/\/la-cave-privee-fixin.com\/fr\/wp-json\/wp\/v2\/media\/2026"}],"wp:attachment":[{"href":"https:\/\/la-cave-privee-fixin.com\/fr\/wp-json\/wp\/v2\/media?parent=12179"}],"wp:term":[{"taxonomy":"product_brand","embeddable":true,"href":"https:\/\/la-cave-privee-fixin.com\/fr\/wp-json\/wp\/v2\/product_brand?post=12179"},{"taxonomy":"product_cat","embeddable":true,"href":"https:\/\/la-cave-privee-fixin.com\/fr\/wp-json\/wp\/v2\/product_cat?post=12179"},{"taxonomy":"product_tag","embeddable":true,"href":"https:\/\/la-cave-privee-fixin.com\/fr\/wp-json\/wp\/v2\/product_tag?post=12179"}],"curies":[{"name":"wp","href":"https:\/\/api.w.org\/{rel}","templated":true}]}}