{"id":12178,"date":"2025-09-30T14:57:59","date_gmt":"2025-09-30T12:57:59","guid":{"rendered":"https:\/\/la-cave-privee-fixin.com\/product\/puligny-montrachet-corvees-des-vignes-2023-domaine-caire-deveze\/"},"modified":"2025-09-30T14:57:59","modified_gmt":"2025-09-30T12:57:59","slug":"puligny-montrachet-corvees-des-vignes-2023-domaine-caire-deveze","status":"publish","type":"product","link":"https:\/\/la-cave-privee-fixin.com\/fr\/produit\/puligny-montrachet-corvees-des-vignes-2023-domaine-caire-deveze\/","title":{"rendered":"Puligny Montrachet &#8220;Corv\u00e9es des Vignes&#8221; 2023 &#8211; Domaine Caire-Deveze"},"content":{"rendered":"<p>Un Puligny classique qui \u00e9quilibre parfaitement un fruit d\u00e9licat, une acidit\u00e9 pr\u00e9cise et la tension min\u00e9rale caract\u00e9ristique de son terroir.<\/p>\n","protected":false},"excerpt":{"rendered":"<p>Un Puligny classique qui \u00e9quilibre parfaitement un fruit d\u00e9licat, une acidit\u00e9 pr\u00e9cise et la tension min\u00e9rale caract\u00e9ristique de son terroir.<\/p>\n","protected":false},"featured_media":12288,"comment_status":"closed","ping_status":"closed","template":"","meta":{"_acf_changed":false,"wds_primary_product_brand":0,"wds_primary_product_cat":0},"product_brand":[],"product_cat":[83],"product_tag":[],"class_list":{"0":"post-12178","1":"product","2":"type-product","3":"status-publish","4":"has-post-thumbnail","6":"product_cat-village-fr-2","8":"first","9":"instock","10":"taxable","11":"shipping-taxable","12":"purchasable","13":"product-type-simple"},"acf":[],"_links":{"self":[{"href":"https:\/\/la-cave-privee-fixin.com\/fr\/wp-json\/wp\/v2\/product\/12178","targetHints":{"allow":["GET"]}}],"collection":[{"href":"https:\/\/la-cave-privee-fixin.com\/fr\/wp-json\/wp\/v2\/product"}],"about":[{"href":"https:\/\/la-cave-privee-fixin.com\/fr\/wp-json\/wp\/v2\/types\/product"}],"replies":[{"embeddable":true,"href":"https:\/\/la-cave-privee-fixin.com\/fr\/wp-json\/wp\/v2\/comments?post=12178"}],"version-history":[{"count":0,"href":"https:\/\/la-cave-privee-fixin.com\/fr\/wp-json\/wp\/v2\/product\/12178\/revisions"}],"wp:featuredmedia":[{"embeddable":true,"href":"https:\/\/la-cave-privee-fixin.com\/fr\/wp-json\/wp\/v2\/media\/12288"}],"wp:attachment":[{"href":"https:\/\/la-cave-privee-fixin.com\/fr\/wp-json\/wp\/v2\/media?parent=12178"}],"wp:term":[{"taxonomy":"product_brand","embeddable":true,"href":"https:\/\/la-cave-privee-fixin.com\/fr\/wp-json\/wp\/v2\/product_brand?post=12178"},{"taxonomy":"product_cat","embeddable":true,"href":"https:\/\/la-cave-privee-fixin.com\/fr\/wp-json\/wp\/v2\/product_cat?post=12178"},{"taxonomy":"product_tag","embeddable":true,"href":"https:\/\/la-cave-privee-fixin.com\/fr\/wp-json\/wp\/v2\/product_tag?post=12178"}],"curies":[{"name":"wp","href":"https:\/\/api.w.org\/{rel}","templated":true}]}}