{"id":12176,"date":"2025-10-26T14:29:00","date_gmt":"2025-10-26T13:29:00","guid":{"rendered":"https:\/\/la-cave-privee-fixin.com\/product\/vougeot-premier-cru-clos-blanc-de-vougeot-2022-domaine-de-la-vougeraie\/"},"modified":"2025-10-26T14:29:00","modified_gmt":"2025-10-26T13:29:00","slug":"vougeot-premier-cru-clos-blanc-de-vougeot-2022-domaine-de-la-vougeraie","status":"publish","type":"product","link":"https:\/\/la-cave-privee-fixin.com\/fr\/produit\/vougeot-premier-cru-clos-blanc-de-vougeot-2022-domaine-de-la-vougeraie\/","title":{"rendered":"Vougeot Premier Cru &#8220;Clos blanc de Vougeot&#8221; 2022 &#8211; Domaine de la Vougeraie"},"content":{"rendered":"<p>Ce vin est un bourgogne blanc monopole rare et tr\u00e8s appr\u00e9ci\u00e9 de la C\u00f4te de Nuits, principalement \u00e9labor\u00e9 \u00e0 partir de chardonnay.<\/p>\n","protected":false},"excerpt":{"rendered":"<p>Ce vin est un bourgogne blanc monopole rare et tr\u00e8s appr\u00e9ci\u00e9 de la C\u00f4te de Nuits, principalement \u00e9labor\u00e9 \u00e0 partir de chardonnay.<\/p>\n","protected":false},"featured_media":2026,"comment_status":"closed","ping_status":"closed","template":"","meta":{"_acf_changed":false,"wds_primary_product_brand":0,"wds_primary_product_cat":0},"product_brand":[],"product_cat":[81],"product_tag":[],"class_list":{"0":"post-12176","1":"product","2":"type-product","3":"status-publish","4":"has-post-thumbnail","6":"product_cat-premier-cru-fr","8":"first","9":"instock","10":"taxable","11":"shipping-taxable","12":"purchasable","13":"product-type-simple"},"acf":[],"_links":{"self":[{"href":"https:\/\/la-cave-privee-fixin.com\/fr\/wp-json\/wp\/v2\/product\/12176","targetHints":{"allow":["GET"]}}],"collection":[{"href":"https:\/\/la-cave-privee-fixin.com\/fr\/wp-json\/wp\/v2\/product"}],"about":[{"href":"https:\/\/la-cave-privee-fixin.com\/fr\/wp-json\/wp\/v2\/types\/product"}],"replies":[{"embeddable":true,"href":"https:\/\/la-cave-privee-fixin.com\/fr\/wp-json\/wp\/v2\/comments?post=12176"}],"version-history":[{"count":0,"href":"https:\/\/la-cave-privee-fixin.com\/fr\/wp-json\/wp\/v2\/product\/12176\/revisions"}],"wp:featuredmedia":[{"embeddable":true,"href":"https:\/\/la-cave-privee-fixin.com\/fr\/wp-json\/wp\/v2\/media\/2026"}],"wp:attachment":[{"href":"https:\/\/la-cave-privee-fixin.com\/fr\/wp-json\/wp\/v2\/media?parent=12176"}],"wp:term":[{"taxonomy":"product_brand","embeddable":true,"href":"https:\/\/la-cave-privee-fixin.com\/fr\/wp-json\/wp\/v2\/product_brand?post=12176"},{"taxonomy":"product_cat","embeddable":true,"href":"https:\/\/la-cave-privee-fixin.com\/fr\/wp-json\/wp\/v2\/product_cat?post=12176"},{"taxonomy":"product_tag","embeddable":true,"href":"https:\/\/la-cave-privee-fixin.com\/fr\/wp-json\/wp\/v2\/product_tag?post=12176"}],"curies":[{"name":"wp","href":"https:\/\/api.w.org\/{rel}","templated":true}]}}