{"id":12171,"date":"2025-10-30T11:09:10","date_gmt":"2025-10-30T10:09:10","guid":{"rendered":"https:\/\/la-cave-privee-fixin.com\/product\/pernand-vergelesses-2023-domaine-jean-baptiste-boudier\/"},"modified":"2025-10-30T11:09:10","modified_gmt":"2025-10-30T10:09:10","slug":"pernand-vergelesses-2023-domaine-jean-baptiste-boudier","status":"publish","type":"product","link":"https:\/\/la-cave-privee-fixin.com\/fr\/produit\/pernand-vergelesses-2023-domaine-jean-baptiste-boudier\/","title":{"rendered":"Pernand-Vergelesses 2023 &#8211; Domaine Jean-Baptiste Boudier"},"content":{"rendered":"<p>&#8220;Guid\u00e9s par la nature vivante \u00e0 travers des vignes en constante \u00e9volution, nous naviguons par le seul biais du terroir, ne recherchant que finesse et puret\u00e9 \u00e0 la fin du voyage&#8221;, telle est la philosophie du domaine.<\/p>\n","protected":false},"excerpt":{"rendered":"<p>&#8220;Au fil des vignes en mouvement, se laisser guider par le vivant. Le terroir pour seule boussole, la finesse et la puret\u00e9 comme destinations essentielle&#8221;, telle est la philosophie du domaine.<\/p>\n","protected":false},"featured_media":12404,"comment_status":"closed","ping_status":"closed","template":"","meta":{"_acf_changed":false,"wds_primary_product_brand":0,"wds_primary_product_cat":0},"product_brand":[],"product_cat":[83],"product_tag":[],"class_list":{"0":"post-12171","1":"product","2":"type-product","3":"status-publish","4":"has-post-thumbnail","6":"product_cat-village-fr-2","8":"first","9":"instock","10":"taxable","11":"shipping-taxable","12":"purchasable","13":"product-type-simple"},"acf":[],"_links":{"self":[{"href":"https:\/\/la-cave-privee-fixin.com\/fr\/wp-json\/wp\/v2\/product\/12171","targetHints":{"allow":["GET"]}}],"collection":[{"href":"https:\/\/la-cave-privee-fixin.com\/fr\/wp-json\/wp\/v2\/product"}],"about":[{"href":"https:\/\/la-cave-privee-fixin.com\/fr\/wp-json\/wp\/v2\/types\/product"}],"replies":[{"embeddable":true,"href":"https:\/\/la-cave-privee-fixin.com\/fr\/wp-json\/wp\/v2\/comments?post=12171"}],"version-history":[{"count":0,"href":"https:\/\/la-cave-privee-fixin.com\/fr\/wp-json\/wp\/v2\/product\/12171\/revisions"}],"wp:featuredmedia":[{"embeddable":true,"href":"https:\/\/la-cave-privee-fixin.com\/fr\/wp-json\/wp\/v2\/media\/12404"}],"wp:attachment":[{"href":"https:\/\/la-cave-privee-fixin.com\/fr\/wp-json\/wp\/v2\/media?parent=12171"}],"wp:term":[{"taxonomy":"product_brand","embeddable":true,"href":"https:\/\/la-cave-privee-fixin.com\/fr\/wp-json\/wp\/v2\/product_brand?post=12171"},{"taxonomy":"product_cat","embeddable":true,"href":"https:\/\/la-cave-privee-fixin.com\/fr\/wp-json\/wp\/v2\/product_cat?post=12171"},{"taxonomy":"product_tag","embeddable":true,"href":"https:\/\/la-cave-privee-fixin.com\/fr\/wp-json\/wp\/v2\/product_tag?post=12171"}],"curies":[{"name":"wp","href":"https:\/\/api.w.org\/{rel}","templated":true}]}}