{"id":12169,"date":"2025-10-30T10:52:42","date_gmt":"2025-10-30T09:52:42","guid":{"rendered":"https:\/\/la-cave-privee-fixin.com\/product\/savigny-les-beaune-pinot-noir-2023-domaine-michel-noellat\/"},"modified":"2025-10-30T10:52:42","modified_gmt":"2025-10-30T09:52:42","slug":"savigny-les-beaune-pinot-noir-2023-domaine-michel-noellat","status":"publish","type":"product","link":"https:\/\/la-cave-privee-fixin.com\/fr\/produit\/savigny-les-beaune-pinot-noir-2023-domaine-michel-noellat\/","title":{"rendered":"Savigny-Les-Beaune &#8220;Pinot Noir&#8221; 2023 &#8211; Domaine Michel Noellat"},"content":{"rendered":"<p>Un Bourgogne de village \u00e9l\u00e9gant qui allie fra\u00eecheur du fruit, finesse des tanins et tension min\u00e9rale.<\/p>\n","protected":false},"excerpt":{"rendered":"<p>Un Bourgogne de village \u00e9l\u00e9gant qui allie fra\u00eecheur du fruit, finesse des tanins et tension min\u00e9rale.<\/p>\n","protected":false},"featured_media":2034,"comment_status":"closed","ping_status":"closed","template":"","meta":{"_acf_changed":false,"wds_primary_product_brand":0,"wds_primary_product_cat":0},"product_brand":[],"product_cat":[76],"product_tag":[],"class_list":{"0":"post-12169","1":"product","2":"type-product","3":"status-publish","4":"has-post-thumbnail","6":"product_cat-village-fr","8":"first","9":"instock","10":"taxable","11":"shipping-taxable","12":"purchasable","13":"product-type-simple"},"acf":[],"_links":{"self":[{"href":"https:\/\/la-cave-privee-fixin.com\/fr\/wp-json\/wp\/v2\/product\/12169","targetHints":{"allow":["GET"]}}],"collection":[{"href":"https:\/\/la-cave-privee-fixin.com\/fr\/wp-json\/wp\/v2\/product"}],"about":[{"href":"https:\/\/la-cave-privee-fixin.com\/fr\/wp-json\/wp\/v2\/types\/product"}],"replies":[{"embeddable":true,"href":"https:\/\/la-cave-privee-fixin.com\/fr\/wp-json\/wp\/v2\/comments?post=12169"}],"version-history":[{"count":0,"href":"https:\/\/la-cave-privee-fixin.com\/fr\/wp-json\/wp\/v2\/product\/12169\/revisions"}],"wp:featuredmedia":[{"embeddable":true,"href":"https:\/\/la-cave-privee-fixin.com\/fr\/wp-json\/wp\/v2\/media\/2034"}],"wp:attachment":[{"href":"https:\/\/la-cave-privee-fixin.com\/fr\/wp-json\/wp\/v2\/media?parent=12169"}],"wp:term":[{"taxonomy":"product_brand","embeddable":true,"href":"https:\/\/la-cave-privee-fixin.com\/fr\/wp-json\/wp\/v2\/product_brand?post=12169"},{"taxonomy":"product_cat","embeddable":true,"href":"https:\/\/la-cave-privee-fixin.com\/fr\/wp-json\/wp\/v2\/product_cat?post=12169"},{"taxonomy":"product_tag","embeddable":true,"href":"https:\/\/la-cave-privee-fixin.com\/fr\/wp-json\/wp\/v2\/product_tag?post=12169"}],"curies":[{"name":"wp","href":"https:\/\/api.w.org\/{rel}","templated":true}]}}